{"id":349,"date":"2023-04-20T09:42:45","date_gmt":"2023-04-20T06:42:45","guid":{"rendered":"https:\/\/www.repanelis.com\/produkte\/"},"modified":"2023-04-27T16:39:01","modified_gmt":"2023-04-27T13:39:01","slug":"produkte","status":"publish","type":"page","link":"https:\/\/www.repanelis.com\/de\/produkte\/","title":{"rendered":"Produkte"},"content":{"rendered":"\t\t<div data-elementor-type=\"wp-page\" data-elementor-id=\"349\" class=\"elementor elementor-349 elementor-125\" data-elementor-post-type=\"page\">\n\t\t\t\t<div class=\"elementor-element elementor-element-97d2105 e-flex e-con-boxed e-con e-parent\" data-id=\"97d2105\" data-element_type=\"container\" data-settings=\"{&quot;background_background&quot;:&quot;classic&quot;}\">\n\t\t\t\t\t<div class=\"e-con-inner\">\n\t\t\t\t<div class=\"elementor-element elementor-element-c037a21 elementor-widget elementor-widget-heading\" data-id=\"c037a21\" data-element_type=\"widget\" data-widget_type=\"heading.default\">\n\t\t\t\t<div class=\"elementor-widget-container\">\n\t\t\t\t\t<h1 class=\"elementor-heading-title elementor-size-default\">Wir produzieren Produkte<\/h1>\t\t\t\t<\/div>\n\t\t\t\t<\/div>\n\t\t\t\t<div class=\"elementor-element elementor-element-1231e08 elementor-widget elementor-widget-text-editor\" data-id=\"1231e08\" data-element_type=\"widget\" data-widget_type=\"text-editor.default\">\n\t\t\t\t<div class=\"elementor-widget-container\">\n\t\t\t\t\t\t\t\t\t<p>vom Design zur Produktion<\/p>\n\t\t\t\t\t\t\t\t<\/div>\n\t\t\t\t<\/div>\n\t\t\t\t\t<\/div>\n\t\t\t\t<\/div>\n\t\t<div class=\"elementor-element elementor-element-46e2d97 e-flex e-con-boxed e-con e-parent\" data-id=\"46e2d97\" data-element_type=\"container\">\n\t\t\t\t\t<div class=\"e-con-inner\">\n\t\t\t\t<div class=\"elementor-element elementor-element-b062b20 elementor-widget elementor-widget-heading\" data-id=\"b062b20\" data-element_type=\"widget\" data-widget_type=\"heading.default\">\n\t\t\t\t<div class=\"elementor-widget-container\">\n\t\t\t\t\t<h2 class=\"elementor-heading-title elementor-size-default\">Produkte<\/h2>\t\t\t\t<\/div>\n\t\t\t\t<\/div>\n\t\t\t\t<div class=\"elementor-element elementor-element-e09bf42 elementor-widget elementor-widget-text-editor\" data-id=\"e09bf42\" data-element_type=\"widget\" data-widget_type=\"text-editor.default\">\n\t\t\t\t<div class=\"elementor-widget-container\">\n\t\t\t\t\t\t\t\t\t<p>Repanelis | Mode-Accessoires<\/p>\n\t\t\t\t\t\t\t\t<\/div>\n\t\t\t\t<\/div>\n\t\t\t\t\t<\/div>\n\t\t\t\t<\/div>\n\t\t<div class=\"elementor-element elementor-element-7b33d77 e-flex e-con-boxed e-con e-parent\" data-id=\"7b33d77\" data-element_type=\"container\">\n\t\t\t\t\t<div class=\"e-con-inner\">\n\t\t\t\t<div class=\"elementor-element elementor-element-fb9c2de elementor-cta--layout-image-left elementor-cta--mobile-layout-image-above elementor-cta--skin-classic elementor-animated-content elementor-widget elementor-widget-call-to-action\" data-id=\"fb9c2de\" data-element_type=\"widget\" data-widget_type=\"call-to-action.default\">\n\t\t\t\t<div class=\"elementor-widget-container\">\n\t\t\t\t\t\t\t<div class=\"elementor-cta\">\n\t\t\t\t\t<div class=\"elementor-cta__bg-wrapper\">\n\t\t\t\t<div class=\"elementor-cta__bg elementor-bg\" style=\"background-image: url(https:\/\/www.repanelis.com\/wp-content\/uploads\/metal-elements1.webp);\" role=\"img\" aria-label=\"metal-elements1\"><\/div>\n\t\t\t\t<div class=\"elementor-cta__bg-overlay\"><\/div>\n\t\t\t<\/div>\n\t\t\t\t\t\t\t<div class=\"elementor-cta__content\">\n\t\t\t\t\n\t\t\t\t\t\t\t\t\t<div class=\"elementor-cta__title elementor-cta__content-item elementor-content-item\">\n\t\t\t\t\t\tDekorative Elemente\t\t\t\t\t<\/div>\n\t\t\t\t\n\t\t\t\t\t\t\t\t\t<div class=\"elementor-cta__description elementor-cta__content-item elementor-content-item\">\n\t\t\t\t\t\t<p>Metallische Zierelemente f\u00fcr den Baugewerbebereich<\/p>\n\t\t\t\t\t<\/div>\n\t\t\t\t\n\t\t\t\t\t\t\t\t\t<div class=\"elementor-cta__button-wrapper elementor-cta__content-item elementor-content-item \">\n\t\t\t\t\t<a class=\"elementor-cta__button elementor-button elementor-size-\" href=\"https:\/\/www.repanelis.com\/wp-content\/uploads\/Catalogue_web-diakosmitika-stoixeia.pdf\" target=\"_blank\">\n\t\t\t\t\t\tGenauer ansehen\t\t\t\t\t<\/a>\n\t\t\t\t\t<\/div>\n\t\t\t\t\t\t\t<\/div>\n\t\t\t\t\t\t<\/div>\n\t\t\t\t\t\t<\/div>\n\t\t\t\t<\/div>\n\t\t\t\t<div class=\"elementor-element elementor-element-12d54bf elementor-widget-divider--view-line elementor-widget elementor-widget-divider\" data-id=\"12d54bf\" data-element_type=\"widget\" data-widget_type=\"divider.default\">\n\t\t\t\t<div class=\"elementor-widget-container\">\n\t\t\t\t\t\t\t<div class=\"elementor-divider\">\n\t\t\t<span class=\"elementor-divider-separator\">\n\t\t\t\t\t\t<\/span>\n\t\t<\/div>\n\t\t\t\t\t\t<\/div>\n\t\t\t\t<\/div>\n\t\t\t\t<div class=\"elementor-element elementor-element-eadf268 elementor-cta--layout-image-right elementor-cta--mobile-layout-image-above elementor-cta--skin-classic elementor-animated-content elementor-widget elementor-widget-call-to-action\" data-id=\"eadf268\" data-element_type=\"widget\" data-widget_type=\"call-to-action.default\">\n\t\t\t\t<div class=\"elementor-widget-container\">\n\t\t\t\t\t\t\t<div class=\"elementor-cta\">\n\t\t\t\t\t<div class=\"elementor-cta__bg-wrapper\">\n\t\t\t\t<div class=\"elementor-cta__bg elementor-bg\" style=\"background-image: url(https:\/\/www.repanelis.com\/wp-content\/uploads\/metal-accessories.webp);\" role=\"img\" aria-label=\"metal-accessories\"><\/div>\n\t\t\t\t<div class=\"elementor-cta__bg-overlay\"><\/div>\n\t\t\t<\/div>\n\t\t\t\t\t\t\t<div class=\"elementor-cta__content\">\n\t\t\t\t\n\t\t\t\t\t\t\t\t\t<div class=\"elementor-cta__title elementor-cta__content-item elementor-content-item\">\n\t\t\t\t\t\tMetall-Accessoires\t\t\t\t\t<\/div>\n\t\t\t\t\n\t\t\t\t\t\t\t\t\t<div class=\"elementor-cta__description elementor-cta__content-item elementor-content-item\">\n\t\t\t\t\t\t<p>Metallische Accessoires f\u00fcr Kleidung, Unterw\u00e4sche, Badebekleidung und Schuhe<\/p>\n\t\t\t\t\t<\/div>\n\t\t\t\t\n\t\t\t\t\t\t\t\t\t<div class=\"elementor-cta__button-wrapper elementor-cta__content-item elementor-content-item \">\n\t\t\t\t\t<a class=\"elementor-cta__button elementor-button elementor-size-\" href=\"https:\/\/www.repanelis.com\/wp-content\/uploads\/Catalogue_web-metallika-aksesouar.pdf\" target=\"_blank\">\n\t\t\t\t\t\tGenauer ansehen\t\t\t\t\t<\/a>\n\t\t\t\t\t<\/div>\n\t\t\t\t\t\t\t<\/div>\n\t\t\t\t\t\t<\/div>\n\t\t\t\t\t\t<\/div>\n\t\t\t\t<\/div>\n\t\t\t\t<div class=\"elementor-element elementor-element-a9153e7 elementor-widget-divider--view-line elementor-widget elementor-widget-divider\" data-id=\"a9153e7\" data-element_type=\"widget\" data-widget_type=\"divider.default\">\n\t\t\t\t<div class=\"elementor-widget-container\">\n\t\t\t\t\t\t\t<div class=\"elementor-divider\">\n\t\t\t<span class=\"elementor-divider-separator\">\n\t\t\t\t\t\t<\/span>\n\t\t<\/div>\n\t\t\t\t\t\t<\/div>\n\t\t\t\t<\/div>\n\t\t\t\t<div class=\"elementor-element elementor-element-58e7f51 elementor-cta--layout-image-left elementor-cta--mobile-layout-image-above elementor-cta--skin-classic elementor-animated-content elementor-widget elementor-widget-call-to-action\" data-id=\"58e7f51\" data-element_type=\"widget\" data-widget_type=\"call-to-action.default\">\n\t\t\t\t<div class=\"elementor-widget-container\">\n\t\t\t\t\t\t\t<div class=\"elementor-cta\">\n\t\t\t\t\t<div class=\"elementor-cta__bg-wrapper\">\n\t\t\t\t<div class=\"elementor-cta__bg elementor-bg\" style=\"background-image: url(https:\/\/www.repanelis.com\/wp-content\/uploads\/plastic-accessories.webp);\" role=\"img\" aria-label=\"plastic-accessories\"><\/div>\n\t\t\t\t<div class=\"elementor-cta__bg-overlay\"><\/div>\n\t\t\t<\/div>\n\t\t\t\t\t\t\t<div class=\"elementor-cta__content\">\n\t\t\t\t\n\t\t\t\t\t\t\t\t\t<div class=\"elementor-cta__title elementor-cta__content-item elementor-content-item\">\n\t\t\t\t\t\tKunststoff-Accessoires\t\t\t\t\t<\/div>\n\t\t\t\t\n\t\t\t\t\t\t\t\t\t<div class=\"elementor-cta__description elementor-cta__content-item elementor-content-item\">\n\t\t\t\t\t\t<p>Kunststoff-Accessoires f\u00fcr Kleidung, Badebekleidung, Unterw\u00e4sche<\/p>\n\t\t\t\t\t<\/div>\n\t\t\t\t\n\t\t\t\t\t\t\t\t\t<div class=\"elementor-cta__button-wrapper elementor-cta__content-item elementor-content-item \">\n\t\t\t\t\t<a class=\"elementor-cta__button elementor-button elementor-size-\" href=\"https:\/\/www.repanelis.com\/wp-content\/uploads\/Catalogue_web-plastika-aksesouar.pdf\" target=\"_blank\">\n\t\t\t\t\t\tGenauer ansehen\t\t\t\t\t<\/a>\n\t\t\t\t\t<\/div>\n\t\t\t\t\t\t\t<\/div>\n\t\t\t\t\t\t<\/div>\n\t\t\t\t\t\t<\/div>\n\t\t\t\t<\/div>\n\t\t\t\t<div class=\"elementor-element elementor-element-bbb946e elementor-widget-divider--view-line elementor-widget elementor-widget-divider\" data-id=\"bbb946e\" data-element_type=\"widget\" data-widget_type=\"divider.default\">\n\t\t\t\t<div class=\"elementor-widget-container\">\n\t\t\t\t\t\t\t<div class=\"elementor-divider\">\n\t\t\t<span class=\"elementor-divider-separator\">\n\t\t\t\t\t\t<\/span>\n\t\t<\/div>\n\t\t\t\t\t\t<\/div>\n\t\t\t\t<\/div>\n\t\t\t\t<div class=\"elementor-element elementor-element-1cf9d76 elementor-cta--layout-image-right elementor-cta--mobile-layout-image-above elementor-cta--skin-classic elementor-animated-content elementor-widget elementor-widget-call-to-action\" data-id=\"1cf9d76\" data-element_type=\"widget\" data-widget_type=\"call-to-action.default\">\n\t\t\t\t<div class=\"elementor-widget-container\">\n\t\t\t\t\t\t\t<div class=\"elementor-cta\">\n\t\t\t\t\t<div class=\"elementor-cta__bg-wrapper\">\n\t\t\t\t<div class=\"elementor-cta__bg elementor-bg\" style=\"background-image: url(https:\/\/www.repanelis.com\/wp-content\/uploads\/shank-buttons.webp);\" role=\"img\" aria-label=\"shank-buttons\"><\/div>\n\t\t\t\t<div class=\"elementor-cta__bg-overlay\"><\/div>\n\t\t\t<\/div>\n\t\t\t\t\t\t\t<div class=\"elementor-cta__content\">\n\t\t\t\t\n\t\t\t\t\t\t\t\t\t<div class=\"elementor-cta__title elementor-cta__content-item elementor-content-item\">\n\t\t\t\t\t\tDruckkn\u00f6pfe\t\t\t\t\t<\/div>\n\t\t\t\t\n\t\t\t\t\t\t\t\t\t<div class=\"elementor-cta__description elementor-cta__content-item elementor-content-item\">\n\t\t\t\t\t\t<p>Metallische Druckkn\u00f6pfe f\u00fcr M\u00e4ntel und andere Kleidung<\/p>\n\t\t\t\t\t<\/div>\n\t\t\t\t\n\t\t\t\t\t\t\t\t\t<div class=\"elementor-cta__button-wrapper elementor-cta__content-item elementor-content-item \">\n\t\t\t\t\t<a class=\"elementor-cta__button elementor-button elementor-size-\" href=\"https:\/\/www.repanelis.com\/wp-content\/uploads\/Catalogue_web-koubia-me-podi.pdf\" target=\"_blank\">\n\t\t\t\t\t\tGenauer ansehen\t\t\t\t\t<\/a>\n\t\t\t\t\t<\/div>\n\t\t\t\t\t\t\t<\/div>\n\t\t\t\t\t\t<\/div>\n\t\t\t\t\t\t<\/div>\n\t\t\t\t<\/div>\n\t\t\t\t<div class=\"elementor-element elementor-element-5bc0d2b elementor-widget-divider--view-line elementor-widget elementor-widget-divider\" data-id=\"5bc0d2b\" data-element_type=\"widget\" data-widget_type=\"divider.default\">\n\t\t\t\t<div class=\"elementor-widget-container\">\n\t\t\t\t\t\t\t<div class=\"elementor-divider\">\n\t\t\t<span class=\"elementor-divider-separator\">\n\t\t\t\t\t\t<\/span>\n\t\t<\/div>\n\t\t\t\t\t\t<\/div>\n\t\t\t\t<\/div>\n\t\t\t\t<div class=\"elementor-element elementor-element-607a7ba elementor-cta--layout-image-left elementor-cta--mobile-layout-image-above elementor-cta--skin-classic elementor-animated-content elementor-widget elementor-widget-call-to-action\" data-id=\"607a7ba\" data-element_type=\"widget\" data-widget_type=\"call-to-action.default\">\n\t\t\t\t<div class=\"elementor-widget-container\">\n\t\t\t\t\t\t\t<div class=\"elementor-cta\">\n\t\t\t\t\t<div class=\"elementor-cta__bg-wrapper\">\n\t\t\t\t<div class=\"elementor-cta__bg elementor-bg\" style=\"background-image: url(https:\/\/www.repanelis.com\/wp-content\/uploads\/button-with-holes.webp);\" role=\"img\" aria-label=\"button-with-holes\"><\/div>\n\t\t\t\t<div class=\"elementor-cta__bg-overlay\"><\/div>\n\t\t\t<\/div>\n\t\t\t\t\t\t\t<div class=\"elementor-cta__content\">\n\t\t\t\t\n\t\t\t\t\t\t\t\t\t<div class=\"elementor-cta__title elementor-cta__content-item elementor-content-item\">\n\t\t\t\t\t\tKn\u00f6pfe mit L\u00f6chern\t\t\t\t\t<\/div>\n\t\t\t\t\n\t\t\t\t\t\t\t\t\t<div class=\"elementor-cta__description elementor-cta__content-item elementor-content-item\">\n\t\t\t\t\t\t<p>Metallische Kn\u00f6pfe mit 2 oder 4 L\u00f6chern<\/p>\n\t\t\t\t\t<\/div>\n\t\t\t\t\n\t\t\t\t\t\t\t\t\t<div class=\"elementor-cta__button-wrapper elementor-cta__content-item elementor-content-item \">\n\t\t\t\t\t<a class=\"elementor-cta__button elementor-button elementor-size-\" href=\"https:\/\/www.repanelis.com\/wp-content\/uploads\/Catalogue_web-koubia-me-tripes.pdf\" target=\"_blank\">\n\t\t\t\t\t\tGenauer ansehen\t\t\t\t\t<\/a>\n\t\t\t\t\t<\/div>\n\t\t\t\t\t\t\t<\/div>\n\t\t\t\t\t\t<\/div>\n\t\t\t\t\t\t<\/div>\n\t\t\t\t<\/div>\n\t\t\t\t\t<\/div>\n\t\t\t\t<\/div>\n\t\t\t\t<\/div>\n\t\t","protected":false},"excerpt":{"rendered":"<p>Wir produzieren Produkte vom Design zur Produktion Produkte Repanelis | Mode-Accessoires Dekorative Elemente Metallische Zierelemente f\u00fcr den Baugewerbebereich Genauer ansehen Metall-Accessoires Metallische Accessoires f\u00fcr Kleidung, Unterw\u00e4sche, Badebekleidung und Schuhe Genauer ansehen Kunststoff-Accessoires Kunststoff-Accessoires f\u00fcr Kleidung, Badebekleidung, Unterw\u00e4sche Genauer ansehen Druckkn\u00f6pfe Metallische Druckkn\u00f6pfe f\u00fcr M\u00e4ntel und andere Kleidung Genauer ansehen Kn\u00f6pfe mit L\u00f6chern Metallische Kn\u00f6pfe mit [&hellip;]<\/p>\n","protected":false},"author":1,"featured_media":0,"parent":0,"menu_order":0,"comment_status":"closed","ping_status":"closed","template":"","meta":{"site-sidebar-layout":"no-sidebar","site-content-layout":"page-builder","ast-site-content-layout":"default","site-content-style":"default","site-sidebar-style":"default","ast-global-header-display":"","ast-banner-title-visibility":"","ast-main-header-display":"","ast-hfb-above-header-display":"","ast-hfb-below-header-display":"","ast-hfb-mobile-header-display":"","site-post-title":"disabled","ast-breadcrumbs-content":"","ast-featured-img":"disabled","footer-sml-layout":"","theme-transparent-header-meta":"","adv-header-id-meta":"","stick-header-meta":"","header-above-stick-meta":"","header-main-stick-meta":"","header-below-stick-meta":"","astra-migrate-meta-layouts":"default","ast-page-background-enabled":"default","ast-page-background-meta":{"desktop":{"background-color":"var(--ast-global-color-4)","background-image":"","background-repeat":"repeat","background-position":"center center","background-size":"auto","background-attachment":"scroll","background-type":"","background-media":"","overlay-type":"","overlay-color":"","overlay-opacity":"","overlay-gradient":""},"tablet":{"background-color":"","background-image":"","background-repeat":"repeat","background-position":"center center","background-size":"auto","background-attachment":"scroll","background-type":"","background-media":"","overlay-type":"","overlay-color":"","overlay-opacity":"","overlay-gradient":""},"mobile":{"background-color":"","background-image":"","background-repeat":"repeat","background-position":"center center","background-size":"auto","background-attachment":"scroll","background-type":"","background-media":"","overlay-type":"","overlay-color":"","overlay-opacity":"","overlay-gradient":""}},"ast-content-background-meta":{"desktop":{"background-color":"var(--ast-global-color-5)","background-image":"","background-repeat":"repeat","background-position":"center center","background-size":"auto","background-attachment":"scroll","background-type":"","background-media":"","overlay-type":"","overlay-color":"","overlay-opacity":"","overlay-gradient":""},"tablet":{"background-color":"var(--ast-global-color-5)","background-image":"","background-repeat":"repeat","background-position":"center center","background-size":"auto","background-attachment":"scroll","background-type":"","background-media":"","overlay-type":"","overlay-color":"","overlay-opacity":"","overlay-gradient":""},"mobile":{"background-color":"var(--ast-global-color-5)","background-image":"","background-repeat":"repeat","background-position":"center center","background-size":"auto","background-attachment":"scroll","background-type":"","background-media":"","overlay-type":"","overlay-color":"","overlay-opacity":"","overlay-gradient":""}},"footnotes":""},"class_list":["post-349","page","type-page","status-publish","hentry"],"yoast_head":"<!-- This site is optimized with the Yoast SEO plugin v26.4 - https:\/\/yoast.com\/wordpress\/plugins\/seo\/ -->\n<title>Produkte | Repanelis | Mode-Accessoires<\/title>\n<meta name=\"robots\" content=\"index, follow, max-snippet:-1, max-image-preview:large, max-video-preview:-1\" \/>\n<link rel=\"canonical\" href=\"https:\/\/www.repanelis.com\/de\/produkte\/\" \/>\n<meta property=\"og:locale\" content=\"de_DE\" \/>\n<meta property=\"og:type\" content=\"article\" \/>\n<meta property=\"og:title\" content=\"Produkte | Repanelis | Mode-Accessoires\" \/>\n<meta property=\"og:description\" content=\"Wir produzieren Produkte vom Design zur Produktion Produkte Repanelis | Mode-Accessoires Dekorative Elemente Metallische Zierelemente f\u00fcr den Baugewerbebereich Genauer ansehen Metall-Accessoires Metallische Accessoires f\u00fcr Kleidung, Unterw\u00e4sche, Badebekleidung und Schuhe Genauer ansehen Kunststoff-Accessoires Kunststoff-Accessoires f\u00fcr Kleidung, Badebekleidung, Unterw\u00e4sche Genauer ansehen Druckkn\u00f6pfe Metallische Druckkn\u00f6pfe f\u00fcr M\u00e4ntel und andere Kleidung Genauer ansehen Kn\u00f6pfe mit L\u00f6chern Metallische Kn\u00f6pfe mit [&hellip;]\" \/>\n<meta property=\"og:url\" content=\"https:\/\/www.repanelis.com\/de\/produkte\/\" \/>\n<meta property=\"og:site_name\" content=\"Repanelis | Mode-Accessoires\" \/>\n<meta property=\"article:modified_time\" content=\"2023-04-27T13:39:01+00:00\" \/>\n<meta name=\"twitter:card\" content=\"summary_large_image\" \/>\n<script type=\"application\/ld+json\" class=\"yoast-schema-graph\">{\"@context\":\"https:\/\/schema.org\",\"@graph\":[{\"@type\":\"WebPage\",\"@id\":\"https:\/\/www.repanelis.com\/de\/produkte\/\",\"url\":\"https:\/\/www.repanelis.com\/de\/produkte\/\",\"name\":\"Produkte | Repanelis | Mode-Accessoires\",\"isPartOf\":{\"@id\":\"https:\/\/www.repanelis.com\/de\/#website\"},\"datePublished\":\"2023-04-20T06:42:45+00:00\",\"dateModified\":\"2023-04-27T13:39:01+00:00\",\"breadcrumb\":{\"@id\":\"https:\/\/www.repanelis.com\/de\/produkte\/#breadcrumb\"},\"inLanguage\":\"de\",\"potentialAction\":[{\"@type\":\"ReadAction\",\"target\":[\"https:\/\/www.repanelis.com\/de\/produkte\/\"]}]},{\"@type\":\"BreadcrumbList\",\"@id\":\"https:\/\/www.repanelis.com\/de\/produkte\/#breadcrumb\",\"itemListElement\":[{\"@type\":\"ListItem\",\"position\":1,\"name\":\"Home\",\"item\":\"https:\/\/www.repanelis.com\/de\/\"},{\"@type\":\"ListItem\",\"position\":2,\"name\":\"Produkte\"}]},{\"@type\":\"WebSite\",\"@id\":\"https:\/\/www.repanelis.com\/de\/#website\",\"url\":\"https:\/\/www.repanelis.com\/de\/\",\"name\":\"Repanelis | Mode-Accessoires\",\"description\":\"\",\"publisher\":{\"@id\":\"https:\/\/www.repanelis.com\/de\/#organization\"},\"potentialAction\":[{\"@type\":\"SearchAction\",\"target\":{\"@type\":\"EntryPoint\",\"urlTemplate\":\"https:\/\/www.repanelis.com\/de\/?s={search_term_string}\"},\"query-input\":{\"@type\":\"PropertyValueSpecification\",\"valueRequired\":true,\"valueName\":\"search_term_string\"}}],\"inLanguage\":\"de\"},{\"@type\":\"Organization\",\"@id\":\"https:\/\/www.repanelis.com\/de\/#organization\",\"name\":\"Repanelis | Mode-Accessoires\",\"url\":\"https:\/\/www.repanelis.com\/de\/\",\"logo\":{\"@type\":\"ImageObject\",\"inLanguage\":\"de\",\"@id\":\"https:\/\/www.repanelis.com\/de\/#\/schema\/logo\/image\/\",\"url\":\"https:\/\/www.repanelis.com\/wp-content\/uploads\/logo-repanelis.png\",\"contentUrl\":\"https:\/\/www.repanelis.com\/wp-content\/uploads\/logo-repanelis.png\",\"width\":250,\"height\":61,\"caption\":\"Repanelis | Mode-Accessoires\"},\"image\":{\"@id\":\"https:\/\/www.repanelis.com\/de\/#\/schema\/logo\/image\/\"}}]}<\/script>\n<!-- \/ Yoast SEO plugin. -->","yoast_head_json":{"title":"Produkte | Repanelis | Mode-Accessoires","robots":{"index":"index","follow":"follow","max-snippet":"max-snippet:-1","max-image-preview":"max-image-preview:large","max-video-preview":"max-video-preview:-1"},"canonical":"https:\/\/www.repanelis.com\/de\/produkte\/","og_locale":"de_DE","og_type":"article","og_title":"Produkte | Repanelis | Mode-Accessoires","og_description":"Wir produzieren Produkte vom Design zur Produktion Produkte Repanelis | Mode-Accessoires Dekorative Elemente Metallische Zierelemente f\u00fcr den Baugewerbebereich Genauer ansehen Metall-Accessoires Metallische Accessoires f\u00fcr Kleidung, Unterw\u00e4sche, Badebekleidung und Schuhe Genauer ansehen Kunststoff-Accessoires Kunststoff-Accessoires f\u00fcr Kleidung, Badebekleidung, Unterw\u00e4sche Genauer ansehen Druckkn\u00f6pfe Metallische Druckkn\u00f6pfe f\u00fcr M\u00e4ntel und andere Kleidung Genauer ansehen Kn\u00f6pfe mit L\u00f6chern Metallische Kn\u00f6pfe mit [&hellip;]","og_url":"https:\/\/www.repanelis.com\/de\/produkte\/","og_site_name":"Repanelis | Mode-Accessoires","article_modified_time":"2023-04-27T13:39:01+00:00","twitter_card":"summary_large_image","schema":{"@context":"https:\/\/schema.org","@graph":[{"@type":"WebPage","@id":"https:\/\/www.repanelis.com\/de\/produkte\/","url":"https:\/\/www.repanelis.com\/de\/produkte\/","name":"Produkte | Repanelis | Mode-Accessoires","isPartOf":{"@id":"https:\/\/www.repanelis.com\/de\/#website"},"datePublished":"2023-04-20T06:42:45+00:00","dateModified":"2023-04-27T13:39:01+00:00","breadcrumb":{"@id":"https:\/\/www.repanelis.com\/de\/produkte\/#breadcrumb"},"inLanguage":"de","potentialAction":[{"@type":"ReadAction","target":["https:\/\/www.repanelis.com\/de\/produkte\/"]}]},{"@type":"BreadcrumbList","@id":"https:\/\/www.repanelis.com\/de\/produkte\/#breadcrumb","itemListElement":[{"@type":"ListItem","position":1,"name":"Home","item":"https:\/\/www.repanelis.com\/de\/"},{"@type":"ListItem","position":2,"name":"Produkte"}]},{"@type":"WebSite","@id":"https:\/\/www.repanelis.com\/de\/#website","url":"https:\/\/www.repanelis.com\/de\/","name":"Repanelis | Mode-Accessoires","description":"","publisher":{"@id":"https:\/\/www.repanelis.com\/de\/#organization"},"potentialAction":[{"@type":"SearchAction","target":{"@type":"EntryPoint","urlTemplate":"https:\/\/www.repanelis.com\/de\/?s={search_term_string}"},"query-input":{"@type":"PropertyValueSpecification","valueRequired":true,"valueName":"search_term_string"}}],"inLanguage":"de"},{"@type":"Organization","@id":"https:\/\/www.repanelis.com\/de\/#organization","name":"Repanelis | Mode-Accessoires","url":"https:\/\/www.repanelis.com\/de\/","logo":{"@type":"ImageObject","inLanguage":"de","@id":"https:\/\/www.repanelis.com\/de\/#\/schema\/logo\/image\/","url":"https:\/\/www.repanelis.com\/wp-content\/uploads\/logo-repanelis.png","contentUrl":"https:\/\/www.repanelis.com\/wp-content\/uploads\/logo-repanelis.png","width":250,"height":61,"caption":"Repanelis | Mode-Accessoires"},"image":{"@id":"https:\/\/www.repanelis.com\/de\/#\/schema\/logo\/image\/"}}]}},"_links":{"self":[{"href":"https:\/\/www.repanelis.com\/de\/wp-json\/wp\/v2\/pages\/349","targetHints":{"allow":["GET"]}}],"collection":[{"href":"https:\/\/www.repanelis.com\/de\/wp-json\/wp\/v2\/pages"}],"about":[{"href":"https:\/\/www.repanelis.com\/de\/wp-json\/wp\/v2\/types\/page"}],"author":[{"embeddable":true,"href":"https:\/\/www.repanelis.com\/de\/wp-json\/wp\/v2\/users\/1"}],"replies":[{"embeddable":true,"href":"https:\/\/www.repanelis.com\/de\/wp-json\/wp\/v2\/comments?post=349"}],"version-history":[{"count":1,"href":"https:\/\/www.repanelis.com\/de\/wp-json\/wp\/v2\/pages\/349\/revisions"}],"predecessor-version":[{"id":350,"href":"https:\/\/www.repanelis.com\/de\/wp-json\/wp\/v2\/pages\/349\/revisions\/350"}],"wp:attachment":[{"href":"https:\/\/www.repanelis.com\/de\/wp-json\/wp\/v2\/media?parent=349"}],"curies":[{"name":"wp","href":"https:\/\/api.w.org\/{rel}","templated":true}]}}